{"id":168,"date":"2021-09-17T11:43:11","date_gmt":"2021-09-17T08:43:11","guid":{"rendered":"https:\/\/aslibasgoz.com\/?page_id=168"},"modified":"2021-11-19T12:00:51","modified_gmt":"2021-11-19T09:00:51","slug":"sizden-gelenler","status":"publish","type":"page","link":"https:\/\/aslibasgoz.com\/tr\/sizden-gelenler\/","title":{"rendered":"Sizden Gelenler"},"content":{"rendered":"<section class=\"l-section wpb_row us_custom_c8a9293b height_auto has_border_radius\"><div class=\"l-section-h i-cf\"><div class=\"g-cols vc_row type_default valign_top\"><div class=\"vc_col-sm-12 wpb_column vc_column_container\"><div class=\"vc_column-inner\"><div class=\"wpb_wrapper\"><div class=\"wpb_text_column\" ><div class=\"wpb_wrapper\"><p style=\"text-align: center;\">Siz de Asl\u0131 Ba\u015fg\u00f6z ile olan foto\u011fraflar\u0131n\u0131z\u0131n, an\u0131lar\u0131n\u0131z\u0131n websitemizde yay\u0131nlanmas\u0131n\u0131 isterseniz;<br \/>\n<strong><a href=\"mailto:memories@aslibasgoz.com\">memories@aslibasgoz.com<\/a><\/strong> adresine iletebilirsiniz.<\/p>\n<\/div><\/div><\/div><\/div><\/div><\/div><\/div><\/section><section class=\"l-section wpb_row us_custom_4e0cc4c3 height_auto\"><div class=\"l-section-h i-cf\"><div class=\"g-cols vc_row type_default valign_top\"><div class=\"vc_col-sm-6 wpb_column vc_column_container\"><div class=\"vc_column-inner\"><div class=\"wpb_wrapper\"><div class=\"wpb_text_column\" ><div class=\"wpb_wrapper\"><p><strong><a class=\"link-with-icon\" href=\"https:\/\/www.serhansuzer.com\/tr\/hukuk-dunyasindan-iki-buyuk-yildiz-kaydi\" target=\"_blank\" rel=\"noopener\">Hukuk d\u00fcnyas\u0131ndan iki b\u00fcy\u00fck y\u0131ld\u0131z kayd\u0131<\/a><\/strong><\/p>\n<\/div><\/div><\/div><\/div><\/div><div class=\"vc_col-sm-6 wpb_column vc_column_container\"><div class=\"vc_column-inner\"><div class=\"wpb_wrapper\"><div class=\"wpb_text_column\" ><div class=\"wpb_wrapper\"><p><strong><a class=\"link-with-icon\" href=\"https:\/\/ceelegalmatters.com\/turkey\/14736-white-case-turkey-s-managing-partner-asli-basgoz-passes-away\" target=\"_blank\" rel=\"noopener\">White &amp; Case Turkey&#8217;s Managing Partner Asli Basgoz Passes Away<\/a><\/strong><\/p>\n<\/div><\/div><\/div><\/div><\/div><\/div><\/div><\/section><section class=\"l-section wpb_row us_custom_4eef5f46 height_auto\"><div class=\"l-section-h i-cf\"><div class=\"g-cols vc_row type_default valign_top\"><div class=\"vc_col-sm-12 wpb_column vc_column_container\"><div class=\"vc_column-inner\"><div class=\"wpb_wrapper\"><div class=\"w-grid type_masonry layout_324 cols_2 with_isotope\" id=\"us_grid_1\" data-filterable=\"true\"><style id=\"us_grid_1_css\">#us_grid_1 .w-grid-item{padding:10px}#us_grid_1 .w-grid-list{margin:-10px}.w-grid + #us_grid_1 .w-grid-list{margin-top:10px}@media (max-width:599px){#us_grid_1 .w-grid-list{margin:0}#us_grid_1 .w-grid-item{width:100.0000%;padding:0;margin-bottom:10px}}<\/style><style>.layout_324 .w-grid-item-h{}.layout_324 .usg_post_image_1{border:1px solid #e8e8e8!important}<\/style><div class=\"w-grid-list\" >\t<article class=\"w-grid-item post-208 attachment type-attachment status-inherit hentry\" data-id=\"208\">\r\n\t\t<div class=\"w-grid-item-h\">\r\n\t\t\t\t\t\t\t<a class=\"w-grid-item-anchor\" href=\"https:\/\/aslibasgoz.com\/wp-content\/uploads\/2021\/09\/yavuz-tezeller.png\" ref=\"magnificPopupGrid\" title=\"yavuz-tezeller\"><\/a>\r\n\t\t\t\t\t\t<div class=\"w-post-elm post_image usg_post_image_1 stretched\"><img width=\"1498\" height=\"1414\" src=\"https:\/\/aslibasgoz.com\/wp-content\/uploads\/2021\/09\/yavuz-tezeller.png\" class=\"attachment-full size-full\" alt=\"\" decoding=\"async\" loading=\"lazy\" srcset=\"https:\/\/aslibasgoz.com\/wp-content\/uploads\/2021\/09\/yavuz-tezeller.png 1498w, https:\/\/aslibasgoz.com\/wp-content\/uploads\/2021\/09\/yavuz-tezeller-300x283.png 300w, https:\/\/aslibasgoz.com\/wp-content\/uploads\/2021\/09\/yavuz-tezeller-1024x967.png 1024w\" sizes=\"(max-width: 1498px) 100vw, 1498px\" \/><\/div>\t\t<\/div>\r\n\t<\/article>\r\n\t<article class=\"w-grid-item post-196 attachment type-attachment status-inherit hentry\" data-id=\"196\">\r\n\t\t<div class=\"w-grid-item-h\">\r\n\t\t\t\t\t\t\t<a class=\"w-grid-item-anchor\" href=\"https:\/\/aslibasgoz.com\/wp-content\/uploads\/2021\/09\/ali-uzun.jpg\" ref=\"magnificPopupGrid\" title=\"ali-uzun\"><\/a>\r\n\t\t\t\t\t\t<div class=\"w-post-elm post_image usg_post_image_1 stretched\"><img width=\"1634\" height=\"1224\" src=\"https:\/\/aslibasgoz.com\/wp-content\/uploads\/2021\/09\/ali-uzun.jpg\" class=\"attachment-full size-full\" alt=\"\" decoding=\"async\" loading=\"lazy\" srcset=\"https:\/\/aslibasgoz.com\/wp-content\/uploads\/2021\/09\/ali-uzun.jpg 1634w, https:\/\/aslibasgoz.com\/wp-content\/uploads\/2021\/09\/ali-uzun-300x225.jpg 300w, https:\/\/aslibasgoz.com\/wp-content\/uploads\/2021\/09\/ali-uzun-1024x767.jpg 1024w\" sizes=\"(max-width: 1634px) 100vw, 1634px\" \/><\/div>\t\t<\/div>\r\n\t<\/article>\r\n\t<article class=\"w-grid-item post-198 attachment type-attachment status-inherit hentry\" data-id=\"198\">\r\n\t\t<div class=\"w-grid-item-h\">\r\n\t\t\t\t\t\t\t<a class=\"w-grid-item-anchor\" href=\"https:\/\/aslibasgoz.com\/wp-content\/uploads\/2021\/09\/ayse-porcaro.png\" ref=\"magnificPopupGrid\" title=\"ayse-porcaro\"><\/a>\r\n\t\t\t\t\t\t<div class=\"w-post-elm post_image usg_post_image_1 stretched\"><img width=\"1334\" height=\"1428\" src=\"https:\/\/aslibasgoz.com\/wp-content\/uploads\/2021\/09\/ayse-porcaro.png\" class=\"attachment-full size-full\" alt=\"\" decoding=\"async\" loading=\"lazy\" srcset=\"https:\/\/aslibasgoz.com\/wp-content\/uploads\/2021\/09\/ayse-porcaro.png 1334w, https:\/\/aslibasgoz.com\/wp-content\/uploads\/2021\/09\/ayse-porcaro-280x300.png 280w, https:\/\/aslibasgoz.com\/wp-content\/uploads\/2021\/09\/ayse-porcaro-957x1024.png 957w\" sizes=\"(max-width: 1334px) 100vw, 1334px\" \/><\/div>\t\t<\/div>\r\n\t<\/article>\r\n\t<article class=\"w-grid-item post-204 attachment type-attachment status-inherit hentry\" data-id=\"204\">\r\n\t\t<div class=\"w-grid-item-h\">\r\n\t\t\t\t\t\t\t<a class=\"w-grid-item-anchor\" href=\"https:\/\/aslibasgoz.com\/wp-content\/uploads\/2021\/09\/Darussafaka-scaled.jpg\" ref=\"magnificPopupGrid\" title=\"Darussafaka\"><\/a>\r\n\t\t\t\t\t\t<div class=\"w-post-elm post_image usg_post_image_1 stretched\"><img width=\"1814\" height=\"2560\" src=\"https:\/\/aslibasgoz.com\/wp-content\/uploads\/2021\/09\/Darussafaka-scaled.jpg\" class=\"attachment-full size-full\" alt=\"\" decoding=\"async\" loading=\"lazy\" srcset=\"https:\/\/aslibasgoz.com\/wp-content\/uploads\/2021\/09\/Darussafaka-scaled.jpg 1814w, https:\/\/aslibasgoz.com\/wp-content\/uploads\/2021\/09\/Darussafaka-213x300.jpg 213w, https:\/\/aslibasgoz.com\/wp-content\/uploads\/2021\/09\/Darussafaka-726x1024.jpg 726w\" sizes=\"(max-width: 1814px) 100vw, 1814px\" \/><\/div>\t\t<\/div>\r\n\t<\/article>\r\n\t<article class=\"w-grid-item post-206 attachment type-attachment status-inherit hentry\" data-id=\"206\">\r\n\t\t<div class=\"w-grid-item-h\">\r\n\t\t\t\t\t\t\t<a class=\"w-grid-item-anchor\" href=\"https:\/\/aslibasgoz.com\/wp-content\/uploads\/2021\/09\/don-ganem.png\" ref=\"magnificPopupGrid\" title=\"don-ganem\"><\/a>\r\n\t\t\t\t\t\t<div class=\"w-post-elm post_image usg_post_image_1 stretched\"><img width=\"1608\" height=\"1132\" src=\"https:\/\/aslibasgoz.com\/wp-content\/uploads\/2021\/09\/don-ganem.png\" class=\"attachment-full size-full\" alt=\"\" decoding=\"async\" loading=\"lazy\" srcset=\"https:\/\/aslibasgoz.com\/wp-content\/uploads\/2021\/09\/don-ganem.png 1608w, https:\/\/aslibasgoz.com\/wp-content\/uploads\/2021\/09\/don-ganem-300x211.png 300w, https:\/\/aslibasgoz.com\/wp-content\/uploads\/2021\/09\/don-ganem-1024x721.png 1024w\" sizes=\"(max-width: 1608px) 100vw, 1608px\" \/><\/div>\t\t<\/div>\r\n\t<\/article>\r\n\t<article class=\"w-grid-item post-202 attachment type-attachment status-inherit hentry\" data-id=\"202\">\r\n\t\t<div class=\"w-grid-item-h\">\r\n\t\t\t\t\t\t\t<a class=\"w-grid-item-anchor\" href=\"https:\/\/aslibasgoz.com\/wp-content\/uploads\/2021\/09\/burak-daglioglu.png\" ref=\"magnificPopupGrid\" title=\"burak-daglioglu\"><\/a>\r\n\t\t\t\t\t\t<div class=\"w-post-elm post_image usg_post_image_1 stretched\"><img width=\"944\" height=\"1336\" src=\"https:\/\/aslibasgoz.com\/wp-content\/uploads\/2021\/09\/burak-daglioglu.png\" class=\"attachment-full size-full\" alt=\"\" decoding=\"async\" loading=\"lazy\" srcset=\"https:\/\/aslibasgoz.com\/wp-content\/uploads\/2021\/09\/burak-daglioglu.png 944w, https:\/\/aslibasgoz.com\/wp-content\/uploads\/2021\/09\/burak-daglioglu-212x300.png 212w, https:\/\/aslibasgoz.com\/wp-content\/uploads\/2021\/09\/burak-daglioglu-724x1024.png 724w\" sizes=\"(max-width: 944px) 100vw, 944px\" \/><\/div>\t\t<\/div>\r\n\t<\/article>\r\n\t<article class=\"w-grid-item post-200 attachment type-attachment status-inherit hentry\" data-id=\"200\">\r\n\t\t<div class=\"w-grid-item-h\">\r\n\t\t\t\t\t\t\t<a class=\"w-grid-item-anchor\" href=\"https:\/\/aslibasgoz.com\/wp-content\/uploads\/2021\/09\/bayraktar.png\" ref=\"magnificPopupGrid\" title=\"bayraktar\"><\/a>\r\n\t\t\t\t\t\t<div class=\"w-post-elm post_image usg_post_image_1 stretched\"><img width=\"1170\" height=\"1414\" src=\"https:\/\/aslibasgoz.com\/wp-content\/uploads\/2021\/09\/bayraktar.png\" class=\"attachment-full size-full\" alt=\"\" decoding=\"async\" loading=\"lazy\" srcset=\"https:\/\/aslibasgoz.com\/wp-content\/uploads\/2021\/09\/bayraktar.png 1170w, https:\/\/aslibasgoz.com\/wp-content\/uploads\/2021\/09\/bayraktar-248x300.png 248w, https:\/\/aslibasgoz.com\/wp-content\/uploads\/2021\/09\/bayraktar-847x1024.png 847w\" sizes=\"(max-width: 1170px) 100vw, 1170px\" \/><\/div>\t\t<\/div>\r\n\t<\/article>\r\n\t<article class=\"w-grid-item post-353 attachment type-attachment status-inherit hentry\" data-id=\"353\">\r\n\t\t<div class=\"w-grid-item-h\">\r\n\t\t\t\t\t\t\t<a class=\"w-grid-item-anchor\" href=\"https:\/\/aslibasgoz.com\/wp-content\/uploads\/2021\/11\/nedred-butler.png\" ref=\"magnificPopupGrid\" title=\"nedred-butler\"><\/a>\r\n\t\t\t\t\t\t<div class=\"w-post-elm post_image usg_post_image_1 stretched\"><img width=\"1006\" height=\"1426\" src=\"https:\/\/aslibasgoz.com\/wp-content\/uploads\/2021\/11\/nedred-butler.png\" class=\"attachment-full size-full\" alt=\"\" decoding=\"async\" loading=\"lazy\" srcset=\"https:\/\/aslibasgoz.com\/wp-content\/uploads\/2021\/11\/nedred-butler.png 1006w, https:\/\/aslibasgoz.com\/wp-content\/uploads\/2021\/11\/nedred-butler-212x300.png 212w, https:\/\/aslibasgoz.com\/wp-content\/uploads\/2021\/11\/nedred-butler-722x1024.png 722w\" sizes=\"(max-width: 1006px) 100vw, 1006px\" \/><\/div>\t\t<\/div>\r\n\t<\/article>\r\n\t<article class=\"w-grid-item post-355 attachment type-attachment status-inherit hentry\" data-id=\"355\">\r\n\t\t<div class=\"w-grid-item-h\">\r\n\t\t\t\t\t\t\t<a class=\"w-grid-item-anchor\" href=\"https:\/\/aslibasgoz.com\/wp-content\/uploads\/2021\/11\/lalegocmez.jpg\" ref=\"magnificPopupGrid\" title=\"lalegocmez\"><\/a>\r\n\t\t\t\t\t\t<div class=\"w-post-elm post_image usg_post_image_1 stretched\"><img width=\"768\" height=\"1024\" src=\"https:\/\/aslibasgoz.com\/wp-content\/uploads\/2021\/11\/lalegocmez.jpg\" class=\"attachment-full size-full\" alt=\"\" decoding=\"async\" loading=\"lazy\" srcset=\"https:\/\/aslibasgoz.com\/wp-content\/uploads\/2021\/11\/lalegocmez.jpg 768w, https:\/\/aslibasgoz.com\/wp-content\/uploads\/2021\/11\/lalegocmez-225x300.jpg 225w\" sizes=\"(max-width: 768px) 100vw, 768px\" \/><\/div>\t\t<\/div>\r\n\t<\/article>\r\n<\/div><div class=\"w-grid-preloader\"><div class=\"g-preloader type_1\">\r\n\t<div><\/div>\r\n<\/div>\r\n<\/div>\t<div class=\"w-grid-json hidden\" onclick='return {&quot;action&quot;:&quot;us_ajax_grid&quot;,&quot;ajax_url&quot;:&quot;https:\\\/\\\/aslibasgoz.com\\\/wp-admin\\\/admin-ajax.php&quot;,&quot;infinite_scroll&quot;:0,&quot;max_num_pages&quot;:1,&quot;pagination&quot;:&quot;none&quot;,&quot;permalink_url&quot;:&quot;https:\\\/\\\/aslibasgoz.com\\\/tr\\\/wp-json\\\/wp\\\/v2\\\/pages\\\/168\\\/&quot;,&quot;template_vars&quot;:{&quot;columns&quot;:&quot;2&quot;,&quot;exclude_items&quot;:&quot;none&quot;,&quot;img_size&quot;:&quot;full&quot;,&quot;ignore_items_size&quot;:false,&quot;items_layout&quot;:&quot;324&quot;,&quot;items_offset&quot;:&quot;1&quot;,&quot;load_animation&quot;:&quot;none&quot;,&quot;overriding_link&quot;:&quot;popup_post_image&quot;,&quot;post_id&quot;:168,&quot;query_args&quot;:{&quot;post_type&quot;:[&quot;attachment&quot;],&quot;post__in&quot;:[&quot;209&quot;,&quot;197&quot;,&quot;199&quot;,&quot;205&quot;,&quot;207&quot;,&quot;203&quot;,&quot;201&quot;,&quot;352&quot;,&quot;354&quot;],&quot;post_status&quot;:&quot;inherit&quot;,&quot;post_mime_type&quot;:&quot;image&quot;,&quot;posts_per_page&quot;:&quot;10&quot;},&quot;orderby_query_args&quot;:{&quot;orderby&quot;:{&quot;post__in&quot;:&quot;ASC&quot;},&quot;order&quot;:&quot;ASC&quot;},&quot;type&quot;:&quot;masonry&quot;,&quot;us_grid_ajax_index&quot;:1,&quot;us_grid_filter_params&quot;:null,&quot;us_grid_index&quot;:1,&quot;_us_grid_post_type&quot;:&quot;attachment&quot;,&quot;lang&quot;:&quot;tr&quot;}}'><\/div>\r\n\t<\/div><\/div><\/div><\/div><\/div><\/div><\/section>\n","protected":false},"excerpt":{"rendered":"","protected":false},"author":1,"featured_media":0,"parent":0,"menu_order":0,"comment_status":"closed","ping_status":"closed","template":"","meta":[],"_links":{"self":[{"href":"https:\/\/aslibasgoz.com\/tr\/wp-json\/wp\/v2\/pages\/168"}],"collection":[{"href":"https:\/\/aslibasgoz.com\/tr\/wp-json\/wp\/v2\/pages"}],"about":[{"href":"https:\/\/aslibasgoz.com\/tr\/wp-json\/wp\/v2\/types\/page"}],"author":[{"embeddable":true,"href":"https:\/\/aslibasgoz.com\/tr\/wp-json\/wp\/v2\/users\/1"}],"replies":[{"embeddable":true,"href":"https:\/\/aslibasgoz.com\/tr\/wp-json\/wp\/v2\/comments?post=168"}],"version-history":[{"count":11,"href":"https:\/\/aslibasgoz.com\/tr\/wp-json\/wp\/v2\/pages\/168\/revisions"}],"predecessor-version":[{"id":195,"href":"https:\/\/aslibasgoz.com\/tr\/wp-json\/wp\/v2\/pages\/168\/revisions\/195"}],"wp:attachment":[{"href":"https:\/\/aslibasgoz.com\/tr\/wp-json\/wp\/v2\/media?parent=168"}],"curies":[{"name":"wp","href":"https:\/\/api.w.org\/{rel}","templated":true}]}}