{"id":26,"date":"2021-08-17T13:47:11","date_gmt":"2021-08-17T10:47:11","guid":{"rendered":"http:\/\/aslibasgoz.teknosms.net\/?page_id=26"},"modified":"2021-09-14T14:57:59","modified_gmt":"2021-09-14T11:57:59","slug":"egitim-bagis","status":"publish","type":"page","link":"https:\/\/aslibasgoz.com\/tr\/egitim-bagis\/","title":{"rendered":"E\u011fitim &#038; Ba\u011f\u0131\u015f"},"content":{"rendered":"<section class=\"l-section wpb_row height_auto\"><div class=\"l-section-h i-cf\"><div class=\"g-cols vc_row type_default valign_top\"><div class=\"vc_col-sm-6 wpb_column vc_column_container\"><div class=\"vc_column-inner\"><div class=\"wpb_wrapper\"><div class=\"wpb_text_column\" ><div class=\"wpb_wrapper\"><p>Asl\u0131 Ba\u015fg\u00f6z&#8217;\u00fcn e\u011fitime verdi\u011fi \u00f6nemi en iyi anlatacak ki\u015filer onun tedrisat\u0131ndan ge\u00e7mi\u015f ve bug\u00fcn T\u00fcrk hukuk camias\u0131nda sayg\u0131n yerlere sahip olan k\u0131ymetli meslekta\u015flar\u0131d\u0131r. Asl\u0131 Ba\u015fg\u00f6z engin bilgisini bir\u00e7ok meslekta\u015f\u0131 ile payla\u015fman\u0131n yan\u0131 s\u0131ra birlikte \u00e7al\u0131\u015ft\u0131\u011f\u0131 herkese aktarmaktan mutluluk duyard\u0131. Bunun yan\u0131 s\u0131ra \u00f6\u011frenciler i\u00e7in yapm\u0131\u015f oldu\u011fu bir\u00e7ok yard\u0131m kampanyas\u0131 ile de bu konudaki hassasiyetini bir\u00e7ok insanla payla\u015fm\u0131\u015f ve bu alanda \u00f6nc\u00fcl\u00fck etmi\u015fti.<\/p>\n<p>Asl\u0131 Ba\u015fg\u00f6z\u2019\u00fcn e\u011fitime vermi\u015f oldu\u011fu deste\u011fi s\u00fcrd\u00fcr\u00fclebilir k\u0131lmak i\u00e7in dilerseniz siz de Asl\u0131 Ba\u015fg\u00f6z Burs Fonu\u2019na katk\u0131da bulunabilirsiniz.<\/p>\n<\/div><\/div><div class=\"w-btn-wrapper width_auto align_left\"><a class=\"w-btn us-btn-style_1\" target=\"_blank\" href=\"https:\/\/bagis.tev.org.tr\/burs-fonu-bagisi?q=40705&amp;k=84740\" rel=\"noopener\"><span class=\"w-btn-label\">https:\/\/bagis.tev.org.tr\/burs-fonu-bagisi<\/span><\/a><\/div><\/div><\/div><\/div><div class=\"vc_col-sm-6 wpb_column vc_column_container\"><div class=\"vc_column-inner type_sticky\"><div class=\"wpb_wrapper\"><div class=\"w-image align_none\"><div class=\"w-image-h\"><img width=\"683\" height=\"1024\" src=\"https:\/\/aslibasgoz.com\/wp-content\/uploads\/2021\/09\/asli-basgoz-fotografi.jpg\" class=\"attachment-large size-large\" alt=\"\" decoding=\"async\" loading=\"lazy\" srcset=\"https:\/\/aslibasgoz.com\/wp-content\/uploads\/2021\/09\/asli-basgoz-fotografi.jpg 683w, https:\/\/aslibasgoz.com\/wp-content\/uploads\/2021\/09\/asli-basgoz-fotografi-200x300.jpg 200w\" sizes=\"(max-width: 683px) 100vw, 683px\" \/><\/div><\/div><\/div><\/div><\/div><\/div><\/div><\/section>\n","protected":false},"excerpt":{"rendered":"Asl\u0131 Ba\u015fg\u00f6z&#8217;\u00fcn e\u011fitime verdi\u011fi \u00f6nemi en iyi anlatacak ki\u015filer onun tedrisat\u0131ndan ge\u00e7mi\u015f ve bug\u00fcn T\u00fcrk hukuk camias\u0131nda sayg\u0131n yerlere sahip olan k\u0131ymetli meslekta\u015flar\u0131d\u0131r. Asl\u0131 Ba\u015fg\u00f6z engin bilgisini bir\u00e7ok meslekta\u015f\u0131 ile payla\u015fman\u0131n yan\u0131 s\u0131ra birlikte \u00e7al\u0131\u015ft\u0131\u011f\u0131 herkese aktarmaktan mutluluk duyard\u0131. Bunun yan\u0131 s\u0131ra \u00f6\u011frenciler i\u00e7in yapm\u0131\u015f oldu\u011fu bir\u00e7ok yard\u0131m kampanyas\u0131 ile de bu konudaki hassasiyetini bir\u00e7ok...","protected":false},"author":1,"featured_media":0,"parent":0,"menu_order":0,"comment_status":"closed","ping_status":"closed","template":"","meta":[],"_links":{"self":[{"href":"https:\/\/aslibasgoz.com\/tr\/wp-json\/wp\/v2\/pages\/26"}],"collection":[{"href":"https:\/\/aslibasgoz.com\/tr\/wp-json\/wp\/v2\/pages"}],"about":[{"href":"https:\/\/aslibasgoz.com\/tr\/wp-json\/wp\/v2\/types\/page"}],"author":[{"embeddable":true,"href":"https:\/\/aslibasgoz.com\/tr\/wp-json\/wp\/v2\/users\/1"}],"replies":[{"embeddable":true,"href":"https:\/\/aslibasgoz.com\/tr\/wp-json\/wp\/v2\/comments?post=26"}],"version-history":[{"count":4,"href":"https:\/\/aslibasgoz.com\/tr\/wp-json\/wp\/v2\/pages\/26\/revisions"}],"predecessor-version":[{"id":108,"href":"https:\/\/aslibasgoz.com\/tr\/wp-json\/wp\/v2\/pages\/26\/revisions\/108"}],"wp:attachment":[{"href":"https:\/\/aslibasgoz.com\/tr\/wp-json\/wp\/v2\/media?parent=26"}],"curies":[{"name":"wp","href":"https:\/\/api.w.org\/{rel}","templated":true}]}}