{"id":267,"date":"2021-09-14T15:49:23","date_gmt":"2021-09-14T12:49:23","guid":{"rendered":"https:\/\/aslibasgoz.com\/her-inspiring-speeches\/"},"modified":"2021-09-30T15:59:46","modified_gmt":"2021-09-30T12:59:46","slug":"ilham-veren-konusmalari","status":"publish","type":"page","link":"https:\/\/aslibasgoz.com\/tr\/ilham-veren-konusmalari\/","title":{"rendered":"\u0130lham Veren Konu\u015fmalar\u0131"},"content":{"rendered":"<section class=\"l-section wpb_row height_auto\"><div class=\"l-section-h i-cf\"><div class=\"g-cols vc_row type_default valign_top\"><div class=\"vc_col-sm-6 wpb_column vc_column_container\"><div class=\"vc_column-inner\"><div class=\"wpb_wrapper\"><div class=\"wpb_text_column us_custom_c681c497 has_text_color\" ><div class=\"wpb_wrapper\"><p>Growing the Women\u2019s Initiative<\/p>\n<\/div><\/div><div class=\"wpb_text_column\" ><div class=\"wpb_wrapper\"><p><iframe loading=\"lazy\" title=\"YouTube video player\" src=\"https:\/\/www.youtube.com\/embed\/uNx0awInolo\" width=\"100%\" height=\"300\" frameborder=\"0\" allowfullscreen=\"allowfullscreen\"><\/iframe><\/p>\n<\/div><\/div><\/div><\/div><\/div><div class=\"vc_col-sm-6 wpb_column vc_column_container\"><div class=\"vc_column-inner\"><div class=\"wpb_wrapper\"><div class=\"wpb_text_column us_custom_c681c497 has_text_color\" ><div class=\"wpb_wrapper\"><p>Middle East Retreat<\/p>\n<\/div><\/div>[vc_raw_html]JTNDdmlkZW8lMjB3aWR0aCUzRCUyMjEwMCUyNSUyMiUyMGhlaWdodCUzRCUyMjMwMCUyMiUyMHBvc3RlciUzRCUyMmh0dHBzJTNBJTJGJTJGYXNsaWJhc2dvei5jb20lMkZ3cC1jb250ZW50JTJGdXBsb2FkcyUyRjIwMjElMkYwOSUyRm1pZGRsZS1lYXN0LnBuZyUyMiUyMGNvbnRyb2xzJTNFJTBBJTNDc291cmNlJTIwc3JjJTNEJTIyaHR0cHMlM0ElMkYlMkZhc2xpYmFzZ296LmNvbSUyRndwLWNvbnRlbnQlMkZ1cGxvYWRzJTJGMjAyMSUyRjA5JTJGTWlkZGxlX0Vhc3RfUmV0cmVhdF9CaWFzX1Byb2dyYW1fQXNsaS5tcDQlMjIlMjB0eXBlJTNEJTIydmlkZW8lMkZtcDQlMjIlM0UlMEElM0MlMkZ2aWRlbyUzRQ==[\/vc_raw_html]<\/div><\/div><\/div><\/div><\/div><\/section><section class=\"l-section wpb_row us_custom_4e0cc4c3 height_auto\"><div class=\"l-section-h i-cf\"><div class=\"g-cols vc_row type_default valign_top\"><div class=\"vc_col-sm-6 wpb_column vc_column_container\"><div class=\"vc_column-inner\"><div class=\"wpb_wrapper\"><div class=\"wpb_text_column us_custom_c681c497 has_text_color\" ><div class=\"wpb_wrapper\"><p>Interview with Asl\u0131 Ba\u015fg\u00f6z about J. Hurlock<\/p>\n<\/div><\/div><div class=\"wpb_text_column\" ><div class=\"wpb_wrapper\"><p><iframe loading=\"lazy\" src=\"https:\/\/player.vimeo.com\/video\/613768855?h= 83c9b36203&amp;dnt=1&amp;app_id=122963\" width=\"100%\" height=\"272\" frameborder=\"0\" allowfullscreen=\"allowfullscreen\"><\/iframe><\/p>\n<\/div><\/div><\/div><\/div><\/div><div class=\"vc_col-sm-6 wpb_column vc_column_container\"><div class=\"vc_column-inner\"><div class=\"wpb_wrapper\"><div class=\"wpb_text_column us_custom_c681c497 has_text_color\" ><div class=\"wpb_wrapper\"><p>Global Trends in Dispute Resolution Conference<\/p>\n<\/div><\/div><div class=\"wpb_text_column\" ><div class=\"wpb_wrapper\"><p><iframe loading=\"lazy\" src=\"https:\/\/player.vimeo.com\/video\/612040475?h= 24dea4697c\" width=\"100%\" height=\"272\" frameborder=\"0\" allowfullscreen=\"allowfullscreen\"><\/iframe><\/p>\n<\/div><\/div><\/div><\/div><\/div><\/div><\/div><\/section>\n","protected":false},"excerpt":{"rendered":"Growing the Women\u2019s Initiative Middle East Retreat [vc_raw_html]JTNDdmlkZW8lMjB3aWR0aCUzRCUyMjEwMCUyNSUyMiUyMGhlaWdodCUzRCUyMjMwMCUyMiUyMHBvc3RlciUzRCUyMmh0dHBzJTNBJTJGJTJGYXNsaWJhc2dvei5jb20lMkZ3cC1jb250ZW50JTJGdXBsb2FkcyUyRjIwMjElMkYwOSUyRm1pZGRsZS1lYXN0LnBuZyUyMiUyMGNvbnRyb2xzJTNFJTBBJTNDc291cmNlJTIwc3JjJTNEJTIyaHR0cHMlM0ElMkYlMkZhc2xpYmFzZ296LmNvbSUyRndwLWNvbnRlbnQlMkZ1cGxvYWRzJTJGMjAyMSUyRjA5JTJGTWlkZGxlX0Vhc3RfUmV0cmVhdF9CaWFzX1Byb2dyYW1fQXNsaS5tcDQlMjIlMjB0eXBlJTNEJTIydmlkZW8lMkZtcDQlMjIlM0UlMEElM0MlMkZ2aWRlbyUzRQ==[\/vc_raw_html]Interview with Asl\u0131 Ba\u015fg\u00f6z about J. Hurlock Global Trends in Dispute Resolution Conference","protected":false},"author":1,"featured_media":0,"parent":0,"menu_order":0,"comment_status":"closed","ping_status":"closed","template":"","meta":[],"_links":{"self":[{"href":"https:\/\/aslibasgoz.com\/tr\/wp-json\/wp\/v2\/pages\/267"}],"collection":[{"href":"https:\/\/aslibasgoz.com\/tr\/wp-json\/wp\/v2\/pages"}],"about":[{"href":"https:\/\/aslibasgoz.com\/tr\/wp-json\/wp\/v2\/types\/page"}],"author":[{"embeddable":true,"href":"https:\/\/aslibasgoz.com\/tr\/wp-json\/wp\/v2\/users\/1"}],"replies":[{"embeddable":true,"href":"https:\/\/aslibasgoz.com\/tr\/wp-json\/wp\/v2\/comments?post=267"}],"version-history":[{"count":4,"href":"https:\/\/aslibasgoz.com\/tr\/wp-json\/wp\/v2\/pages\/267\/revisions"}],"predecessor-version":[{"id":347,"href":"https:\/\/aslibasgoz.com\/tr\/wp-json\/wp\/v2\/pages\/267\/revisions\/347"}],"wp:attachment":[{"href":"https:\/\/aslibasgoz.com\/tr\/wp-json\/wp\/v2\/media?parent=267"}],"curies":[{"name":"wp","href":"https:\/\/api.w.org\/{rel}","templated":true}]}}